{"id":45,"date":"2024-05-01T08:11:22","date_gmt":"2024-05-01T08:11:22","guid":{"rendered":"https:\/\/serene-keller.51-75-243-206.plesk.page\/?page_id=45"},"modified":"2026-03-04T12:40:17","modified_gmt":"2026-03-04T12:40:17","slug":"consultation","status":"publish","type":"page","link":"https:\/\/www.osteopathie-couturier.de\/fr\/consultation\/","title":{"rendered":"Consultation"},"content":{"rendered":"","protected":false},"excerpt":{"rendered":"","protected":false},"author":1,"featured_media":0,"parent":0,"menu_order":0,"comment_status":"closed","ping_status":"closed","template":"","meta":{"_acf_changed":false,"footnotes":""},"class_list":["post-45","page","type-page","status-publish","hentry"],"acf":[],"yoast_head":"<!-- This site is optimized with the Yoast SEO plugin v27.0 - https:\/\/yoast.com\/product\/yoast-seo-wordpress\/ -->\n<title>Osteopathische Behandlung Hamburg | Thomas Couturier<\/title>\n<meta name=\"description\" content=\"Wie l\u00e4uft eine osteopathische Behandlung in Hamburg-Barmbek ab? Ablauf, Techniken und Dauer einer Sitzung bei Ihrem Osteopathen Thomas Couturier.\" \/>\n<meta name=\"robots\" content=\"index, follow, max-snippet:-1, max-image-preview:large, max-video-preview:-1\" \/>\n<link rel=\"canonical\" href=\"https:\/\/www.osteopathie-couturier.de\/fr\/consultation\/\" \/>\n<meta property=\"og:locale\" content=\"fr_FR\" \/>\n<meta property=\"og:type\" content=\"article\" \/>\n<meta property=\"og:title\" content=\"Osteopathische Behandlung Hamburg | Thomas Couturier\" \/>\n<meta property=\"og:description\" content=\"Wie l\u00e4uft eine osteopathische Behandlung in Hamburg-Barmbek ab? Ablauf, Techniken und Dauer einer Sitzung bei Ihrem Osteopathen Thomas Couturier.\" \/>\n<meta property=\"og:url\" content=\"https:\/\/www.osteopathie-couturier.de\/fr\/consultation\/\" \/>\n<meta property=\"og:site_name\" content=\"Thomas Couturier\" \/>\n<meta property=\"article:modified_time\" content=\"2026-03-04T12:40:17+00:00\" \/>\n<meta name=\"twitter:card\" content=\"summary_large_image\" \/>\n<meta name=\"twitter:label1\" content=\"Dur\u00e9e de lecture estim\u00e9e\" \/>\n\t<meta name=\"twitter:data1\" content=\"4 minutes\" \/>\n<script type=\"application\/ld+json\" class=\"yoast-schema-graph\">{\"@context\":\"https:\/\/schema.org\",\"@graph\":[{\"@type\":\"WebPage\",\"@id\":\"https:\/\/www.osteopathie-couturier.de\/behandlung\/\",\"url\":\"https:\/\/www.osteopathie-couturier.de\/behandlung\/\",\"name\":\"Osteopathische Behandlung Hamburg | Thomas Couturier\",\"isPartOf\":{\"@id\":\"https:\/\/www.osteopathie-couturier.de\/#website\"},\"datePublished\":\"2024-05-01T08:11:22+00:00\",\"dateModified\":\"2026-03-04T12:40:17+00:00\",\"description\":\"Wie l\u00e4uft eine osteopathische Behandlung in Hamburg-Barmbek ab? Ablauf, Techniken und Dauer einer Sitzung bei Ihrem Osteopathen Thomas Couturier.\",\"breadcrumb\":{\"@id\":\"https:\/\/www.osteopathie-couturier.de\/behandlung\/#breadcrumb\"},\"inLanguage\":\"fr-FR\",\"potentialAction\":[{\"@type\":\"ReadAction\",\"target\":[\"https:\/\/www.osteopathie-couturier.de\/behandlung\/\"]}]},{\"@type\":\"BreadcrumbList\",\"@id\":\"https:\/\/www.osteopathie-couturier.de\/behandlung\/#breadcrumb\",\"itemListElement\":[{\"@type\":\"ListItem\",\"position\":1,\"name\":\"Accueil\",\"item\":\"https:\/\/www.osteopathie-couturier.de\/\"},{\"@type\":\"ListItem\",\"position\":2,\"name\":\"Consultation\"}]},{\"@type\":\"WebSite\",\"@id\":\"https:\/\/www.osteopathie-couturier.de\/#website\",\"url\":\"https:\/\/www.osteopathie-couturier.de\/\",\"name\":\"Osteopathie Hamburg-Barmbek - Thomas Couturier\",\"description\":\"\",\"publisher\":{\"@id\":\"https:\/\/www.osteopathie-couturier.de\/#organization\"},\"alternateName\":\"Osteopathie Hamburg-Barmbek\",\"potentialAction\":[{\"@type\":\"SearchAction\",\"target\":{\"@type\":\"EntryPoint\",\"urlTemplate\":\"https:\/\/www.osteopathie-couturier.de\/?s={search_term_string}\"},\"query-input\":{\"@type\":\"PropertyValueSpecification\",\"valueRequired\":true,\"valueName\":\"search_term_string\"}}],\"inLanguage\":\"fr-FR\"},{\"@type\":\"Organization\",\"@id\":\"https:\/\/www.osteopathie-couturier.de\/#organization\",\"name\":\"Thomas Couturier\",\"url\":\"https:\/\/www.osteopathie-couturier.de\/\",\"logo\":{\"@type\":\"ImageObject\",\"inLanguage\":\"fr-FR\",\"@id\":\"https:\/\/www.osteopathie-couturier.de\/#\/schema\/logo\/image\/\",\"url\":\"https:\/\/www.osteopathie-couturier.de\/wp-content\/uploads\/2024\/05\/Logo.svg\",\"contentUrl\":\"https:\/\/www.osteopathie-couturier.de\/wp-content\/uploads\/2024\/05\/Logo.svg\",\"width\":1,\"height\":1,\"caption\":\"Thomas Couturier\"},\"image\":{\"@id\":\"https:\/\/www.osteopathie-couturier.de\/#\/schema\/logo\/image\/\"}}]}<\/script>\n<!-- \/ Yoast SEO plugin. -->","yoast_head_json":{"title":"Consultation ost\u00e9opathie Hambourg | Thomas Couturier","description":"Comment se d\u00e9roule une consultation d'ost\u00e9opathie \u00e0 Hambourg ? Votre ost\u00e9opathe fran\u00e7ais Thomas Couturier vous explique le d\u00e9roulement et les techniques.","robots":{"index":"index","follow":"follow","max-snippet":"max-snippet:-1","max-image-preview":"max-image-preview:large","max-video-preview":"max-video-preview:-1"},"canonical":"https:\/\/www.osteopathie-couturier.de\/fr\/consultation\/","og_locale":"fr_FR","og_type":"article","og_title":"Osteopathische Behandlung Hamburg | Thomas Couturier","og_description":"Wie l\u00e4uft eine osteopathische Behandlung in Hamburg-Barmbek ab? Ablauf, Techniken und Dauer einer Sitzung bei Ihrem Osteopathen Thomas Couturier.","og_url":"https:\/\/www.osteopathie-couturier.de\/fr\/consultation\/","og_site_name":"Thomas Couturier","article_modified_time":"2026-03-04T12:40:17+00:00","twitter_card":"summary_large_image","twitter_misc":{"Dur\u00e9e de lecture estim\u00e9e":"4 minutes"},"schema":{"@context":"https:\/\/schema.org","@graph":[{"@type":"WebPage","@id":"https:\/\/www.osteopathie-couturier.de\/behandlung\/","url":"https:\/\/www.osteopathie-couturier.de\/behandlung\/","name":"Consultation ost\u00e9opathie Hambourg | Thomas Couturier","isPartOf":{"@id":"https:\/\/www.osteopathie-couturier.de\/#website"},"datePublished":"2024-05-01T08:11:22+00:00","dateModified":"2026-03-04T12:40:17+00:00","description":"Comment se d\u00e9roule une consultation d'ost\u00e9opathie \u00e0 Hambourg ? Votre ost\u00e9opathe fran\u00e7ais Thomas Couturier vous explique le d\u00e9roulement et les techniques.","breadcrumb":{"@id":"https:\/\/www.osteopathie-couturier.de\/behandlung\/#breadcrumb"},"inLanguage":"fr-FR","potentialAction":[{"@type":"ReadAction","target":["https:\/\/www.osteopathie-couturier.de\/behandlung\/"]}]},{"@type":"BreadcrumbList","@id":"https:\/\/www.osteopathie-couturier.de\/behandlung\/#breadcrumb","itemListElement":[{"@type":"ListItem","position":1,"name":"Accueil","item":"https:\/\/www.osteopathie-couturier.de\/"},{"@type":"ListItem","position":2,"name":"Consultation"}]},{"@type":"WebSite","@id":"https:\/\/www.osteopathie-couturier.de\/#website","url":"https:\/\/www.osteopathie-couturier.de\/","name":"Osteopathie Hamburg-Barmbek - Thomas Couturier","description":"","publisher":{"@id":"https:\/\/www.osteopathie-couturier.de\/#organization"},"alternateName":"Osteopathie Hamburg-Barmbek","potentialAction":[{"@type":"SearchAction","target":{"@type":"EntryPoint","urlTemplate":"https:\/\/www.osteopathie-couturier.de\/?s={search_term_string}"},"query-input":{"@type":"PropertyValueSpecification","valueRequired":true,"valueName":"search_term_string"}}],"inLanguage":"fr-FR"},{"@type":"Organization","@id":"https:\/\/www.osteopathie-couturier.de\/#organization","name":"Thomas Couturier","url":"https:\/\/www.osteopathie-couturier.de\/","logo":{"@type":"ImageObject","inLanguage":"fr-FR","@id":"https:\/\/www.osteopathie-couturier.de\/#\/schema\/logo\/image\/","url":"https:\/\/www.osteopathie-couturier.de\/wp-content\/uploads\/2024\/05\/Logo.svg","contentUrl":"https:\/\/www.osteopathie-couturier.de\/wp-content\/uploads\/2024\/05\/Logo.svg","width":1,"height":1,"caption":"Thomas Couturier"},"image":{"@id":"https:\/\/www.osteopathie-couturier.de\/#\/schema\/logo\/image\/"}}]}},"_links":{"self":[{"href":"https:\/\/www.osteopathie-couturier.de\/fr\/wp-json\/wp\/v2\/pages\/45","targetHints":{"allow":["GET"]}}],"collection":[{"href":"https:\/\/www.osteopathie-couturier.de\/fr\/wp-json\/wp\/v2\/pages"}],"about":[{"href":"https:\/\/www.osteopathie-couturier.de\/fr\/wp-json\/wp\/v2\/types\/page"}],"author":[{"embeddable":true,"href":"https:\/\/www.osteopathie-couturier.de\/fr\/wp-json\/wp\/v2\/users\/1"}],"replies":[{"embeddable":true,"href":"https:\/\/www.osteopathie-couturier.de\/fr\/wp-json\/wp\/v2\/comments?post=45"}],"version-history":[{"count":1,"href":"https:\/\/www.osteopathie-couturier.de\/fr\/wp-json\/wp\/v2\/pages\/45\/revisions"}],"predecessor-version":[{"id":46,"href":"https:\/\/www.osteopathie-couturier.de\/fr\/wp-json\/wp\/v2\/pages\/45\/revisions\/46"}],"wp:attachment":[{"href":"https:\/\/www.osteopathie-couturier.de\/fr\/wp-json\/wp\/v2\/media?parent=45"}],"curies":[{"name":"wp","href":"https:\/\/api.w.org\/{rel}","templated":true}]}}